{"id":199,"date":"2015-11-03T10:33:20","date_gmt":"2015-11-03T10:33:20","guid":{"rendered":"http:\/\/www.highgradelab.com\/sage\/international\/?page_id=199"},"modified":"2018-04-01T23:35:17","modified_gmt":"2018-04-01T23:35:17","slug":"about-us","status":"publish","type":"page","link":"https:\/\/xn--schtzenhaus-oftersheim-ulc.com\/?page_id=199","title":{"rendered":"\u00dcber uns"},"content":{"rendered":"<p>[vc_row full_width=&#8220;stretch_row&#8220; parallax=&#8220;content-moving&#8220; parallax_image=&#8220;290&#8243; css=&#8220;.vc_custom_1521311170368{padding-top: 200px !important;padding-bottom: 200px !important;}&#8220;][vc_column][vc_row_inner][vc_column_inner][vc_column_text css_animation=&#8220;bottom-to-top&#8220;]<\/p>\n<h1 style=\"text-align: center;\"><span style=\"color: #ffffff;\">\u00dcber uns<\/span><\/h1>\n<p>[\/vc_column_text][vc_text_separator title=&#8220;&#8220; i_icon_fontawesome=&#8220;fa fa-pagelines&#8220; i_color=&#8220;white&#8220; color=&#8220;white&#8220; el_width=&#8220;20&#8243; add_icon=&#8220;true&#8220; css=&#8220;.vc_custom_1447543086053{margin-top: -20px !important;}&#8220;][\/vc_column_inner][\/vc_row_inner][\/vc_column][\/vc_row][vc_row css=&#8220;.vc_custom_1446552330946{padding-top: 150px !important;}&#8220;][vc_column width=&#8220;1\/2&#8243; css=&#8220;.vc_custom_1446631488323{padding-top: 50px !important;padding-bottom: 50px !important;}&#8220;][vc_column_text css_animation=&#8220;left-to-right&#8220;]<\/p>\n<h2>Unsere Philosophie<\/h2>\n<p>[\/vc_column_text][vc_separator el_width=&#8220;10&#8243;][vc_column_text css_animation=&#8220;left-to-right&#8220;]<strong>STIL.<\/strong>\u00a0Sie erwarten bei uns zwei R\u00e4ume. Unser romantisches, stilvolles Restaurant zwischen roher Natursteinwand und edler Fensterfront. Und unser Sch\u00fctzenst\u00fcbchen aus urigem Holz, das sich perfekt f\u00fcr Feiern eignet.<\/p>\n<p><strong>GENUSS.<\/strong>\u00a0Wir freuen uns darauf, Ihren Gaumen mit dem Besten aus mediterraner und deutscher K\u00fcche zu verw\u00f6hnen. Dabei setzen wir auf regionale und saisonale, frische Zutaten.<\/p>\n<p><strong>QUALIT\u00c4T.<\/strong>\u00a0Sie wollen nicht entt\u00e4uscht werden bei Ihrem Besuch &#8211; das wissen wir! Deshalb haben wir sehr hohe Anspr\u00fcche an unsere Gerichte und den Service, den wir Ihnen bieten.<\/p>\n<p><strong>EVENTS.<\/strong>\u00a0Besuchen Sie unsere regelm\u00e4\u00dfigen Eventabende oder veranstalten Sie Ihr eigenes Event. Hochzeiten, Firmenfeiern, Geburtstage &#8211; nutzen Sie unsere R\u00e4umlichkeiten und unsere langj\u00e4hrige Erfahrung um Ihr Event problemlos, einzigartig und unvergesslich zu gestalten.[\/vc_column_text][\/vc_column][vc_column width=&#8220;1\/2&#8243;][vc_row_inner][vc_column_inner][vc_empty_space][\/vc_column_inner][\/vc_row_inner][vc_row_inner][vc_column_inner width=&#8220;1\/2&#8243; css=&#8220;.vc_custom_1446631499731{padding-right: 5px !important;padding-bottom: 10px !important;padding-left: 5px !important;}&#8220;][vc_single_image image=&#8220;429&#8243; img_size=&#8220;full&#8220; alignment=&#8220;center&#8220; onclick=&#8220;zoom&#8220; css_animation=&#8220;right-to-left&#8220;][\/vc_column_inner][vc_column_inner width=&#8220;1\/2&#8243; css=&#8220;.vc_custom_1446549174083{padding-right: 5px !important;padding-left: 5px !important;}&#8220;][vc_single_image image=&#8220;428&#8243; img_size=&#8220;full&#8220; alignment=&#8220;center&#8220; onclick=&#8220;zoom&#8220; css_animation=&#8220;right-to-left&#8220;][\/vc_column_inner][\/vc_row_inner][\/vc_column][\/vc_row][vc_row css=&#8220;.vc_custom_1446551964397{padding-top: 150px !important;padding-bottom: 150px !important;}&#8220;][vc_column width=&#8220;1\/2&#8243;][vc_empty_space][vc_row_inner equal_height=&#8220;yes&#8220; content_placement=&#8220;bottom&#8220; gap=&#8220;10&#8243;][vc_column_inner width=&#8220;1\/2&#8243; css=&#8220;.vc_custom_1446631514299{padding-right: 5px !important;padding-bottom: 10px !important;padding-left: 5px !important;}&#8220;][vc_single_image image=&#8220;544&#8243; img_size=&#8220;full&#8220; alignment=&#8220;center&#8220; onclick=&#8220;zoom&#8220; css_animation=&#8220;left-to-right&#8220;][\/vc_column_inner][vc_column_inner width=&#8220;1\/2&#8243; css=&#8220;.vc_custom_1446549174083{padding-right: 5px !important;padding-left: 5px !important;}&#8220;][vc_single_image image=&#8220;543&#8243; img_size=&#8220;full&#8220; alignment=&#8220;center&#8220; onclick=&#8220;zoom&#8220; css_animation=&#8220;left-to-right&#8220;][\/vc_column_inner][\/vc_row_inner][\/vc_column][vc_column width=&#8220;1\/2&#8243; css=&#8220;.vc_custom_1446551476837{padding-top: 50px !important;}&#8220;][vc_column_text css_animation=&#8220;right-to-left&#8220;]<\/p>\n<h2 style=\"text-align: right;\">Unsere Location<\/h2>\n<p>[\/vc_column_text][vc_separator align=&#8220;align_right&#8220; el_width=&#8220;10&#8243;][vc_column_text css_animation=&#8220;right-to-left&#8220;]<\/p>\n<p style=\"text-align: left;\">Sie haben die M\u00f6glichkeit unsere R\u00e4umlichkeiten f\u00fcr Ihr Event zu nutzen. Profitieren Sie dabei von unserer langj\u00e4hrigen Erfahrung und unseren Partnern. Wir unterst\u00fctzen Sie von Anfang bis Ende mit Rat und Tat &#8211; wenn Sie das wollen.<br \/>\nIhnen stehen bei uns zwei grundlegend unterschiedliche R\u00e4umlichkeiten zur Verf\u00fcgung.<\/p>\n<p>Zum Einen k\u00f6nnen Sie den\u00a0<u>Restaurantbereich<\/u>\u00a0(bis zu 120 Personen)\u00a0nutzen. W\u00e4nde aus Naturstein, eine riesige Fensterfront, hohe Decken, entspannte Beleuchtung und direkt vor der Bar eine Tanzfl\u00e4che &#8211; perfekt f\u00fcr Hochzeiten und Geburtstage.<br \/>\nZum Anderen haben Sie die Chance unser\u00a0<u>Sch\u00fctzenst\u00fcbchen<\/u>\u00a0(bis zu 80 Personen)\u00a0f\u00fcr Ihr Event zu buchen. Die Sitzm\u00f6glichkeiten entlang der Wand bestehen aus hellem Eichenholz, genauso wie der runde Tresen. Der hintere Bereich ist leicht erh\u00f6ht und bietet so die M\u00f6glichkeit den \u00dcberblick zu behalten. Das Sch\u00fctzenst\u00fcbchen befindet sich im Keller abseits der Restaurantbesucher und ist ideal f\u00fcr Firmenfeiern.[\/vc_column_text][\/vc_column][\/vc_row][vc_row full_width=&#8220;stretch_row_content&#8220; parallax=&#8220;content-moving&#8220; parallax_image=&#8220;581&#8243; css=&#8220;.vc_custom_1521311085251{padding-top: 150px !important;padding-bottom: 150px !important;}&#8220;][vc_column width=&#8220;1\/2&#8243;][vc_column_text css_animation=&#8220;left-to-right&#8220;]<\/p>\n<h2 style=\"text-align: center;\"><span style=\"color: #ffffff;\">Chef und Gr\u00fcnder<\/span><\/h2>\n<p>[\/vc_column_text][vc_separator el_width=&#8220;10&#8243;][vc_column_text css_animation=&#8220;left-to-right&#8220;]<\/p>\n<p style=\"text-align: center;\"><span style=\"color: #ffffff;\">Gesch\u00e4ftsf\u00fchrer: Shkelzen Shala<\/span><\/p>\n<p>[\/vc_column_text][\/vc_column][vc_column width=&#8220;1\/2&#8243;][\/vc_column][\/vc_row][vc_row full_width=&#8220;stretch_row_content&#8220; css=&#8220;.vc_custom_1447543242818{padding-top: 100px !important;}&#8220;][vc_column][vc_column_text css_animation=&#8220;bottom-to-top&#8220;]<\/p>\n<h2 style=\"text-align: center;\">Photo Gallerie<\/h2>\n<p>[\/vc_column_text][vc_text_separator title=&#8220;&#8220; i_icon_fontawesome=&#8220;fa fa-pagelines&#8220; i_color=&#8220;custom&#8220; color=&#8220;custom&#8220; el_width=&#8220;20&#8243; add_icon=&#8220;true&#8220; css=&#8220;.vc_custom_1447543294402{margin-top: -20px !important;}&#8220; i_custom_color=&#8220;#514a45&#8243; accent_color=&#8220;#514a45&#8243;][vc_column_text css_animation=&#8220;bottom-to-top&#8220; css=&#8220;.vc_custom_1521309680301{margin-top: -20px !important;padding-bottom: 50px !important;}&#8220;]<\/p>\n<p style=\"text-align: center;\">Eindr\u00fccke aus unserem Restaurant<\/p>\n<p>[\/vc_column_text][vc_media_grid element_width=&#8220;3&#8243; gap=&#8220;10&#8243; item=&#8220;mediaGrid_ScaleWithRotation&#8220; grid_id=&#8220;vc_gid:1522625561184-fa5bd47b-24f2-0&#8243; include=&#8220;235,554,555,556,557,558,559,560&#8243; css=&#8220;.vc_custom_1521307806133{margin-bottom: 10px !important;}&#8220;][\/vc_column][\/vc_row]<\/p>\n","protected":false},"excerpt":{"rendered":"<p>[vc_row full_width=&#8220;stretch_row&#8220; parallax=&#8220;content-moving&#8220; parallax_image=&#8220;290&#8243; css=&#8220;.vc_custom_1521311170368{padding-top: 200px !important;padding-bottom: 200px !important;}&#8220;][vc_column][vc_row_inner][vc_column_inner][vc_column_text css_animation=&#8220;bottom-to-top&#8220;] \u00dcber uns [\/vc_column_text][vc_text_separator title=&#8220;&#8220; i_icon_fontawesome=&#8220;fa fa-pagelines&#8220; i_color=&#8220;white&#8220; color=&#8220;white&#8220; el_width=&#8220;20&#8243; add_icon=&#8220;true&#8220; css=&#8220;.vc_custom_1447543086053{margin-top: -20px !important;}&#8220;][\/vc_column_inner][\/vc_row_inner][\/vc_column][\/vc_row][vc_row css=&#8220;.vc_custom_1446552330946{padding-top: 150px !important;}&#8220;][vc_column width=&#8220;1\/2&#8243; css=&#8220;.vc_custom_1446631488323{padding-top: 50px !important;padding-bottom: 50px !important;}&#8220;][vc_column_text css_animation=&#8220;left-to-right&#8220;] Unsere Philosophie [\/vc_column_text][vc_separator el_width=&#8220;10&#8243;][vc_column_text css_animation=&#8220;left-to-right&#8220;]STIL.\u00a0Sie erwarten bei uns zwei R\u00e4ume. Unser romantisches, stilvolles Restaurant zwischen roher Natursteinwand und edler Fensterfront. Und unser [&hellip;]<\/p>\n","protected":false},"author":1,"featured_media":0,"parent":0,"menu_order":0,"comment_status":"closed","ping_status":"closed","template":"","meta":{"footnotes":""},"class_list":["post-199","page","type-page","status-publish","hentry"],"_links":{"self":[{"href":"https:\/\/xn--schtzenhaus-oftersheim-ulc.com\/index.php?rest_route=\/wp\/v2\/pages\/199","targetHints":{"allow":["GET"]}}],"collection":[{"href":"https:\/\/xn--schtzenhaus-oftersheim-ulc.com\/index.php?rest_route=\/wp\/v2\/pages"}],"about":[{"href":"https:\/\/xn--schtzenhaus-oftersheim-ulc.com\/index.php?rest_route=\/wp\/v2\/types\/page"}],"author":[{"embeddable":true,"href":"https:\/\/xn--schtzenhaus-oftersheim-ulc.com\/index.php?rest_route=\/wp\/v2\/users\/1"}],"replies":[{"embeddable":true,"href":"https:\/\/xn--schtzenhaus-oftersheim-ulc.com\/index.php?rest_route=%2Fwp%2Fv2%2Fcomments&post=199"}],"version-history":[{"count":30,"href":"https:\/\/xn--schtzenhaus-oftersheim-ulc.com\/index.php?rest_route=\/wp\/v2\/pages\/199\/revisions"}],"predecessor-version":[{"id":753,"href":"https:\/\/xn--schtzenhaus-oftersheim-ulc.com\/index.php?rest_route=\/wp\/v2\/pages\/199\/revisions\/753"}],"wp:attachment":[{"href":"https:\/\/xn--schtzenhaus-oftersheim-ulc.com\/index.php?rest_route=%2Fwp%2Fv2%2Fmedia&parent=199"}],"curies":[{"name":"wp","href":"https:\/\/api.w.org\/{rel}","templated":true}]}}