{"id":633,"date":"2018-03-22T16:41:27","date_gmt":"2018-03-22T16:41:27","guid":{"rendered":"http:\/\/xn--schtzenhaus-oftersheim-ulc.com\/?page_id=633"},"modified":"2018-03-22T16:55:03","modified_gmt":"2018-03-22T16:55:03","slug":"impressum","status":"publish","type":"page","link":"https:\/\/xn--schtzenhaus-oftersheim-ulc.com\/?page_id=633","title":{"rendered":"Impressum"},"content":{"rendered":"<p>[vc_row][vc_column][vc_media_grid grid_id=&#8220;vc_gid:1521737651925-a33da165-8fe5-10&#8243; include=&#8220;431,429,428&#8243;][vc_separator][\/vc_column][\/vc_row][vc_row][vc_column][vc_column_text]<\/p>\n<h1>Impressum:<\/h1>\n<p><strong>Sch\u00fctzenhaus Oftersheim\u00a0<\/strong><br \/>\nMediterrane &amp; lokale Spezialit\u00e4ten<\/p>\n<div><\/div>\n<div>Walldorfer Stra\u00dfe 23<\/div>\n<div>68723 Oftersheim<\/div>\n<div><\/div>\n<div>Tel. 06202 &#8211; 60 70 108<\/div>\n<div>E-Mail: info(at)schuetzenhaus-oftersheim(dot)de<\/div>\n<div><\/div>\n<div>Gesch\u00e4ftsf\u00fchrer: Shkelzen Shala<\/div>\n<div><\/div>\n<div>Steuernummer gem\u00e4\u00df \u00a7 27 a Umsatzsteuergesetz: folgt<\/div>\n<div><\/div>\n<div>Umsatzsteuer-Identifikationsnummer nach \u00a727a Umsatzsteuergesetz: folgt<\/div>\n<div><\/div>\n<div>Gerichtsstand: folgt<\/div>\n<div><\/div>\n<div>Verantwortlich f\u00fcr den Inhalt (gem. \u00a7 55 Abs. 2 RStV): Shkelzen Shala<\/div>\n<div><\/div>\n<div>Die in der Website enthaltenen Textbeitr\u00e4ge und Abbildungen sind urheberrechtlich gesch\u00fctzt. Das Copyright liegt bei \u00a0Shkelzen Shala oder den Fotografen. Alle Teile der Website unterliegen dem Copyright und sind urheberrechtlich als Datensammelwerk gesch\u00fctzt. Jede Verwertung bedarf der schriftlichen Zustimmung von Shkelzen Shala.<\/div>\n<div><\/div>\n<div><strong>Haftungsausschluss<\/strong><\/div>\n<div>Trotz sorgf\u00e4ltiger inhaltlicher Kontrolle \u00fcbernehmen wir keine Haftung f\u00fcr die Inhalte externer Links. F\u00fcr den Inhalt der verlinkten Seiten sind ausschlie\u00dflich deren Betreiber selbst verantwortlich.<\/div>\n<div><\/div>\n<div><strong>Disclaimer<\/strong><\/div>\n<div>Mit Urteil vom 12. Mai 1998 hat das Landgericht Hamburg entschieden, dass man durch die Ausbringung eines Links die Inhalte der gelinkten Seite ggf. mit zu verantworten hat. Dies kann &#8211; so das LG &#8211; nur dadurch verhindert werden, dass man sich ausdr\u00fccklich von diesen Inhalten distanziert. Wir haben auf verschiedenen Seiten dieser Homepage Links zu anderen Seiten im Internet gelegt. F\u00fcr all diese Links gilt: Wir m\u00f6chten ausdr\u00fccklich betonen, dass wir keinerlei Einfluss auf die Gestaltung und die Inhalte der gelinkten Seiten haben. Deshalb distanziere wir uns hiermit ausdr\u00fccklich von allen Inhalten aller gelinkten Seiten auf dieser Homepage und machen uns ihre Inhalte nicht zu eigen. Diese Erkl\u00e4rung gilt f\u00fcr alle auf dieser Homepage ausgebrachten Links.<\/div>\n<p>[\/vc_column_text][\/vc_column][\/vc_row]<\/p>\n","protected":false},"excerpt":{"rendered":"<p>[vc_row][vc_column][vc_media_grid grid_id=&#8220;vc_gid:1521737651925-a33da165-8fe5-10&#8243; include=&#8220;431,429,428&#8243;][vc_separator][\/vc_column][\/vc_row][vc_row][vc_column][vc_column_text] Impressum: Sch\u00fctzenhaus Oftersheim\u00a0 Mediterrane &amp; lokale Spezialit\u00e4ten Walldorfer Stra\u00dfe 23 68723 Oftersheim Tel. 06202 &#8211; 60 70 108 E-Mail: info(at)schuetzenhaus-oftersheim(dot)de Gesch\u00e4ftsf\u00fchrer: Shkelzen Shala Steuernummer gem\u00e4\u00df \u00a7 27 a Umsatzsteuergesetz: folgt Umsatzsteuer-Identifikationsnummer nach \u00a727a Umsatzsteuergesetz: folgt Gerichtsstand: folgt Verantwortlich f\u00fcr den Inhalt (gem. \u00a7 55 Abs. 2 RStV): Shkelzen Shala Die in der [&hellip;]<\/p>\n","protected":false},"author":1,"featured_media":0,"parent":0,"menu_order":0,"comment_status":"closed","ping_status":"closed","template":"","meta":{"footnotes":""},"class_list":["post-633","page","type-page","status-publish","hentry"],"_links":{"self":[{"href":"https:\/\/xn--schtzenhaus-oftersheim-ulc.com\/index.php?rest_route=\/wp\/v2\/pages\/633","targetHints":{"allow":["GET"]}}],"collection":[{"href":"https:\/\/xn--schtzenhaus-oftersheim-ulc.com\/index.php?rest_route=\/wp\/v2\/pages"}],"about":[{"href":"https:\/\/xn--schtzenhaus-oftersheim-ulc.com\/index.php?rest_route=\/wp\/v2\/types\/page"}],"author":[{"embeddable":true,"href":"https:\/\/xn--schtzenhaus-oftersheim-ulc.com\/index.php?rest_route=\/wp\/v2\/users\/1"}],"replies":[{"embeddable":true,"href":"https:\/\/xn--schtzenhaus-oftersheim-ulc.com\/index.php?rest_route=%2Fwp%2Fv2%2Fcomments&post=633"}],"version-history":[{"count":9,"href":"https:\/\/xn--schtzenhaus-oftersheim-ulc.com\/index.php?rest_route=\/wp\/v2\/pages\/633\/revisions"}],"predecessor-version":[{"id":642,"href":"https:\/\/xn--schtzenhaus-oftersheim-ulc.com\/index.php?rest_route=\/wp\/v2\/pages\/633\/revisions\/642"}],"wp:attachment":[{"href":"https:\/\/xn--schtzenhaus-oftersheim-ulc.com\/index.php?rest_route=%2Fwp%2Fv2%2Fmedia&parent=633"}],"curies":[{"name":"wp","href":"https:\/\/api.w.org\/{rel}","templated":true}]}}